{"id":8149,"date":"2023-02-21T19:52:49","date_gmt":"2023-02-21T17:52:49","guid":{"rendered":"https:\/\/nissi-park.com\/contact-us\/"},"modified":"2026-03-01T09:18:17","modified_gmt":"2026-03-01T07:18:17","slug":"contact-us","status":"publish","type":"page","link":"https:\/\/nissi-park.com\/de\/contact-us\/","title":{"rendered":"Kontakt"},"content":{"rendered":"\t\t<div data-elementor-type=\"wp-page\" data-elementor-id=\"8149\" class=\"elementor elementor-8149 elementor-129\" data-elementor-post-type=\"page\">\n\t\t\t\t\t\t<section class=\"elementor-section elementor-top-section elementor-element elementor-element-6e500f75 elementor-section-height-min-height animated-slow elementor-section-boxed elementor-section-height-default elementor-section-items-middle elementor-invisible\" data-id=\"6e500f75\" data-element_type=\"section\" data-e-type=\"section\" data-settings=\"{&quot;background_background&quot;:&quot;classic&quot;,&quot;animation&quot;:&quot;fadeIn&quot;}\">\n\t\t\t\t\t\t\t<div class=\"elementor-background-overlay\"><\/div>\n\t\t\t\t\t\t\t<div class=\"elementor-container elementor-column-gap-default\">\n\t\t\t\t\t<div class=\"elementor-column elementor-col-100 elementor-top-column elementor-element elementor-element-4b0ae2a4\" data-id=\"4b0ae2a4\" data-element_type=\"column\" data-e-type=\"column\">\n\t\t\t<div class=\"elementor-widget-wrap elementor-element-populated\">\n\t\t\t\t\t\t<div class=\"elementor-element elementor-element-79880d7 elementor-widget elementor-widget-heading\" data-id=\"79880d7\" data-element_type=\"widget\" data-e-type=\"widget\" data-widget_type=\"heading.default\">\n\t\t\t\t\t<h1 class=\"elementor-heading-title elementor-size-default\">Kontakt<\/h1>\t\t\t\t<\/div>\n\t\t\t\t\t<\/div>\n\t\t<\/div>\n\t\t\t\t\t<\/div>\n\t\t<\/section>\n\t\t<div class=\"elementor-element elementor-element-becb8a4 e-flex e-con-boxed e-con e-parent\" data-id=\"becb8a4\" data-element_type=\"container\" data-e-type=\"container\" id=\"contact\" data-settings=\"{&quot;background_background&quot;:&quot;classic&quot;}\">\n\t\t\t\t\t<div class=\"e-con-inner\">\n\t\t<div class=\"elementor-element elementor-element-9ab1737 e-con-full e-flex e-con e-child\" data-id=\"9ab1737\" data-element_type=\"container\" data-e-type=\"container\">\n\t\t\t\t<div class=\"elementor-element elementor-element-99baf68 elementor-widget elementor-widget-heading\" data-id=\"99baf68\" data-element_type=\"widget\" data-e-type=\"widget\" data-widget_type=\"heading.default\">\n\t\t\t\t\t<h3 class=\"elementor-heading-title elementor-size-default\">Wir sind f\u00fcr Sie da<\/h3>\t\t\t\t<\/div>\n\t\t\t\t<div class=\"elementor-element elementor-element-4c7a6b5 elementor-widget elementor-widget-html\" data-id=\"4c7a6b5\" data-element_type=\"widget\" data-e-type=\"widget\" data-widget_type=\"html.default\">\n\t\t\t\t\tNissi Park Hotel<br>\nPO Box 30400<br>\n5340 Ayia Napa<br>\nCyprus\n\t\t\t\t<\/div>\n\t\t\t\t<div class=\"elementor-element elementor-element-490caf3 elementor-icon-list--layout-traditional elementor-list-item-link-full_width elementor-widget elementor-widget-icon-list\" data-id=\"490caf3\" data-element_type=\"widget\" data-e-type=\"widget\" data-widget_type=\"icon-list.default\">\n\t\t\t\t\t\t\t<ul class=\"elementor-icon-list-items\">\n\t\t\t\t\t\t\t<li class=\"elementor-icon-list-item\">\n\t\t\t\t\t\t\t\t\t\t\t<a href=\"mailto:hotel@nissi-park.com.cy\">\n\n\t\t\t\t\t\t\t\t\t\t\t\t<span class=\"elementor-icon-list-icon\">\n\t\t\t\t\t\t\t<svg aria-hidden=\"true\" class=\"e-font-icon-svg e-far-envelope\" viewBox=\"0 0 512 512\" xmlns=\"http:\/\/www.w3.org\/2000\/svg\"><path d=\"M464 64H48C21.49 64 0 85.49 0 112v288c0 26.51 21.49 48 48 48h416c26.51 0 48-21.49 48-48V112c0-26.51-21.49-48-48-48zm0 48v40.805c-22.422 18.259-58.168 46.651-134.587 106.49-16.841 13.247-50.201 45.072-73.413 44.701-23.208.375-56.579-31.459-73.413-44.701C106.18 199.465 70.425 171.067 48 152.805V112h416zM48 400V214.398c22.914 18.251 55.409 43.862 104.938 82.646 21.857 17.205 60.134 55.186 103.062 54.955 42.717.231 80.509-37.199 103.053-54.947 49.528-38.783 82.032-64.401 104.947-82.653V400H48z\"><\/path><\/svg>\t\t\t\t\t\t<\/span>\n\t\t\t\t\t\t\t\t\t\t<span class=\"elementor-icon-list-text\">hotel@nissi-park.com.cy<\/span>\n\t\t\t\t\t\t\t\t\t\t\t<\/a>\n\t\t\t\t\t\t\t\t\t<\/li>\n\t\t\t\t\t\t\t\t<li class=\"elementor-icon-list-item\">\n\t\t\t\t\t\t\t\t\t\t\t<a href=\"tel:+35723721121\">\n\n\t\t\t\t\t\t\t\t\t\t\t\t<span class=\"elementor-icon-list-icon\">\n\t\t\t\t\t\t\t<i aria-hidden=\"true\" class=\"ntricon ntricon-phone\"><\/i>\t\t\t\t\t\t<\/span>\n\t\t\t\t\t\t\t\t\t\t<span class=\"elementor-icon-list-text\">+357 23 721121<\/span>\n\t\t\t\t\t\t\t\t\t\t\t<\/a>\n\t\t\t\t\t\t\t\t\t<\/li>\n\t\t\t\t\t\t<\/ul>\n\t\t\t\t\t\t<\/div>\n\t\t\t\t<div class=\"elementor-element elementor-element-fdebb26 elementor-grid-mobile-0 elementor-shape-circle e-grid-align-left elementor-grid-0 elementor-widget elementor-widget-social-icons\" data-id=\"fdebb26\" data-element_type=\"widget\" data-e-type=\"widget\" data-widget_type=\"social-icons.default\">\n\t\t\t\t\t\t\t<div class=\"elementor-social-icons-wrapper elementor-grid\" role=\"list\">\n\t\t\t\t\t\t\t<span class=\"elementor-grid-item\" role=\"listitem\">\n\t\t\t\t\t<a class=\"elementor-icon elementor-social-icon elementor-social-icon-facebook-f elementor-repeater-item-cb7f72c\" href=\"https:\/\/www.facebook.com\/NissiParkHotel\" target=\"_blank\">\n\t\t\t\t\t\t<span class=\"elementor-screen-only\">Facebook-f<\/span>\n\t\t\t\t\t\t<svg aria-hidden=\"true\" class=\"e-font-icon-svg e-fab-facebook-f\" viewBox=\"0 0 320 512\" xmlns=\"http:\/\/www.w3.org\/2000\/svg\"><path d=\"M279.14 288l14.22-92.66h-88.91v-60.13c0-25.35 12.42-50.06 52.24-50.06h40.42V6.26S260.43 0 225.36 0c-73.22 0-121.08 44.38-121.08 124.72v70.62H22.89V288h81.39v224h100.17V288z\"><\/path><\/svg>\t\t\t\t\t<\/a>\n\t\t\t\t<\/span>\n\t\t\t\t\t\t\t<span class=\"elementor-grid-item\" role=\"listitem\">\n\t\t\t\t\t<a class=\"elementor-icon elementor-social-icon elementor-social-icon-instagram elementor-repeater-item-636ae18\" href=\"https:\/\/www.instagram.com\/nissiparkhotel\/\" target=\"_blank\">\n\t\t\t\t\t\t<span class=\"elementor-screen-only\">Instagram<\/span>\n\t\t\t\t\t\t<svg aria-hidden=\"true\" class=\"e-font-icon-svg e-fab-instagram\" viewBox=\"0 0 448 512\" xmlns=\"http:\/\/www.w3.org\/2000\/svg\"><path d=\"M224.1 141c-63.6 0-114.9 51.3-114.9 114.9s51.3 114.9 114.9 114.9S339 319.5 339 255.9 287.7 141 224.1 141zm0 189.6c-41.1 0-74.7-33.5-74.7-74.7s33.5-74.7 74.7-74.7 74.7 33.5 74.7 74.7-33.6 74.7-74.7 74.7zm146.4-194.3c0 14.9-12 26.8-26.8 26.8-14.9 0-26.8-12-26.8-26.8s12-26.8 26.8-26.8 26.8 12 26.8 26.8zm76.1 27.2c-1.7-35.9-9.9-67.7-36.2-93.9-26.2-26.2-58-34.4-93.9-36.2-37-2.1-147.9-2.1-184.9 0-35.8 1.7-67.6 9.9-93.9 36.1s-34.4 58-36.2 93.9c-2.1 37-2.1 147.9 0 184.9 1.7 35.9 9.9 67.7 36.2 93.9s58 34.4 93.9 36.2c37 2.1 147.9 2.1 184.9 0 35.9-1.7 67.7-9.9 93.9-36.2 26.2-26.2 34.4-58 36.2-93.9 2.1-37 2.1-147.8 0-184.8zM398.8 388c-7.8 19.6-22.9 34.7-42.6 42.6-29.5 11.7-99.5 9-132.1 9s-102.7 2.6-132.1-9c-19.6-7.8-34.7-22.9-42.6-42.6-11.7-29.5-9-99.5-9-132.1s-2.6-102.7 9-132.1c7.8-19.6 22.9-34.7 42.6-42.6 29.5-11.7 99.5-9 132.1-9s102.7-2.6 132.1 9c19.6 7.8 34.7 22.9 42.6 42.6 11.7 29.5 9 99.5 9 132.1s2.7 102.7-9 132.1z\"><\/path><\/svg>\t\t\t\t\t<\/a>\n\t\t\t\t<\/span>\n\t\t\t\t\t\t\t<span class=\"elementor-grid-item\" role=\"listitem\">\n\t\t\t\t\t<a class=\"elementor-icon elementor-social-icon elementor-social-icon-tripadvisor elementor-repeater-item-2d90766\" href=\"https:\/\/www.tripadvisor.com\/Hotel_Review-g262055-d575656-Reviews-Nissi_Park_Hotel-Ayia_Napa_Famagusta_District.html\" target=\"_blank\">\n\t\t\t\t\t\t<span class=\"elementor-screen-only\">Tripadvisor<\/span>\n\t\t\t\t\t\t<svg aria-hidden=\"true\" class=\"e-font-icon-svg e-fab-tripadvisor\" viewBox=\"0 0 576 512\" xmlns=\"http:\/\/www.w3.org\/2000\/svg\"><path d=\"M528.91,178.82,576,127.58H471.66a326.11,326.11,0,0,0-367,0H0l47.09,51.24A143.911,143.911,0,0,0,241.86,390.73L288,440.93l46.11-50.17A143.94,143.94,0,0,0,575.88,285.18h-.03A143.56,143.56,0,0,0,528.91,178.82ZM144.06,382.57a97.39,97.39,0,1,1,97.39-97.39A97.39,97.39,0,0,1,144.06,382.57ZM288,282.37c0-64.09-46.62-119.08-108.09-142.59a281,281,0,0,1,216.17,0C334.61,163.3,288,218.29,288,282.37Zm143.88,100.2h-.01a97.405,97.405,0,1,1,.01,0ZM144.06,234.12h-.01a51.06,51.06,0,1,0,51.06,51.06v-.11A51,51,0,0,0,144.06,234.12Zm287.82,0a51.06,51.06,0,1,0,51.06,51.06A51.06,51.06,0,0,0,431.88,234.12Z\"><\/path><\/svg>\t\t\t\t\t<\/a>\n\t\t\t\t<\/span>\n\t\t\t\t\t<\/div>\n\t\t\t\t\t\t<\/div>\n\t\t\t\t<\/div>\n\t\t<div class=\"elementor-element elementor-element-829c981 e-con-full e-flex e-con e-child\" data-id=\"829c981\" data-element_type=\"container\" data-e-type=\"container\">\n\t\t\t\t<div class=\"elementor-element elementor-element-5e6f56c elementor-widget elementor-widget-text-editor\" data-id=\"5e6f56c\" data-element_type=\"widget\" data-e-type=\"widget\" data-widget_type=\"text-editor.default\">\n\t\t\t\t\t\t\t\t\t<p>Wir freuen uns darauf, Sie im Nissi Park Hotel begr\u00fc\u00dfen zu d\u00fcrfen. Sollten Sie noch Fragen haben, Hilfe bei Ihrer Reservierung ben\u00f6tigen oder mehr \u00fcber unser Angebot erfahren wollen, nehmen Sie bitte Kontakt zu uns auf.<\/p>\t\t\t\t\t\t\t\t<\/div>\n\t\t\t\t<div class=\"elementor-element elementor-element-8ccd78f elementor-button-align-start elementor-widget elementor-widget-form\" data-id=\"8ccd78f\" data-element_type=\"widget\" data-e-type=\"widget\" data-settings=\"{&quot;step_next_label&quot;:&quot;Next&quot;,&quot;step_previous_label&quot;:&quot;Previous&quot;,&quot;button_width&quot;:&quot;100&quot;,&quot;step_type&quot;:&quot;number_text&quot;,&quot;step_icon_shape&quot;:&quot;circle&quot;}\" data-widget_type=\"form.default\">\n\t\t\t\t\t\t\t<form class=\"elementor-form\" method=\"post\" name=\"New Form\" aria-label=\"New Form\">\n\t\t\t<input type=\"hidden\" name=\"post_id\" value=\"8149\"\/>\n\t\t\t<input type=\"hidden\" name=\"form_id\" value=\"8ccd78f\"\/>\n\t\t\t<input type=\"hidden\" name=\"referer_title\" value=\"Nissi Park Hotel in Ayia Napa, Cyprus\" \/>\n\n\t\t\t\n\t\t\t<div class=\"elementor-form-fields-wrapper elementor-labels-above\">\n\t\t\t\t\t\t\t\t<div class=\"elementor-field-type-text elementor-field-group elementor-column elementor-field-group-name elementor-col-50 elementor-field-required\">\n\t\t\t\t\t\t\t\t\t\t\t\t<label for=\"form-field-name\" class=\"elementor-field-label\">\n\t\t\t\t\t\t\t\tName *\t\t\t\t\t\t\t<\/label>\n\t\t\t\t\t\t\t\t\t\t\t\t\t\t<input size=\"1\" type=\"text\" name=\"form_fields[name]\" id=\"form-field-name\" class=\"elementor-field elementor-size-sm  elementor-field-textual\" required=\"required\">\n\t\t\t\t\t\t\t\t\t\t\t<\/div>\n\t\t\t\t\t\t\t\t<div class=\"elementor-field-type-email elementor-field-group elementor-column elementor-field-group-email elementor-col-50 elementor-field-required\">\n\t\t\t\t\t\t\t\t\t\t\t\t<label for=\"form-field-email\" class=\"elementor-field-label\">\n\t\t\t\t\t\t\t\tEmail *\t\t\t\t\t\t\t<\/label>\n\t\t\t\t\t\t\t\t\t\t\t\t\t\t<input size=\"1\" type=\"email\" name=\"form_fields[email]\" id=\"form-field-email\" class=\"elementor-field elementor-size-sm  elementor-field-textual\" required=\"required\">\n\t\t\t\t\t\t\t\t\t\t\t<\/div>\n\t\t\t\t\t\t\t\t<div class=\"elementor-field-type-select elementor-field-group elementor-column elementor-field-group-field_916593e elementor-col-100 elementor-field-required\">\n\t\t\t\t\t\t\t\t\t\t\t\t<label for=\"form-field-field_916593e\" class=\"elementor-field-label\">\n\t\t\t\t\t\t\t\tGrund f\u00fcr die Kontaktaufnahme ausw\u00e4hlen: *\t\t\t\t\t\t\t<\/label>\n\t\t\t\t\t\t\t\t<div class=\"elementor-field elementor-select-wrapper remove-before \">\n\t\t\t<div class=\"select-caret-down-wrapper\">\n\t\t\t\t<svg aria-hidden=\"true\" class=\"e-font-icon-svg e-eicon-caret-down\" viewBox=\"0 0 571.4 571.4\" xmlns=\"http:\/\/www.w3.org\/2000\/svg\"><path d=\"M571 393Q571 407 561 418L311 668Q300 679 286 679T261 668L11 418Q0 407 0 393T11 368 36 357H536Q550 357 561 368T571 393Z\"><\/path><\/svg>\t\t\t<\/div>\n\t\t\t<select name=\"form_fields[field_916593e]\" id=\"form-field-field_916593e\" class=\"elementor-field-textual elementor-size-sm\" required=\"required\">\n\t\t\t\t\t\t\t\t\t<option value=\"Unterkunft\">Unterkunft<\/option>\n\t\t\t\t\t\t\t\t\t<option value=\"Sonstiges\">Sonstiges<\/option>\n\t\t\t\t\t\t\t<\/select>\n\t\t<\/div>\n\t\t\t\t\t\t<\/div>\n\t\t\t\t\t\t\t\t<div class=\"elementor-field-type-textarea elementor-field-group elementor-column elementor-field-group-message elementor-col-100 elementor-field-required\">\n\t\t\t\t\t\t\t\t\t\t\t\t<label for=\"form-field-message\" class=\"elementor-field-label\">\n\t\t\t\t\t\t\t\tNachricht *\t\t\t\t\t\t\t<\/label>\n\t\t\t\t\t\t<textarea class=\"elementor-field-textual elementor-field  elementor-size-sm\" name=\"form_fields[message]\" id=\"form-field-message\" rows=\"3\" required=\"required\"><\/textarea>\t\t\t\t<\/div>\n\t\t\t\t\t\t\t\t<div class=\"elementor-field-type-acceptance elementor-field-group elementor-column elementor-field-group-field_a617fba elementor-col-100 elementor-field-required\">\n\t\t\t\t\t\t\t\t\t\t\t\t<label for=\"form-field-field_a617fba\" class=\"elementor-field-label\">\n\t\t\t\t\t\t\t\tAkzeptanz *\t\t\t\t\t\t\t<\/label>\n\t\t\t\t\t\t\t\t<div class=\"elementor-field-subgroup\">\n\t\t\t<span class=\"elementor-field-option\">\n\t\t\t\t<input type=\"checkbox\" name=\"form_fields[field_a617fba]\" id=\"form-field-field_a617fba\" class=\"elementor-field elementor-size-sm  elementor-acceptance-field\" required=\"required\">\n\t\t\t\t<label for=\"form-field-field_a617fba\">Mit der Nutzung dieses Formulars erkl\u00e4ren Sie sich mit der Verwendung Ihrer Daten in \u00dcbereinstimmung mit unserer  <a  href=\"https:\/\/www.iubenda.com\/privacy-policy\/64103135\" target=\"_blank\">Datenschutzrichtlinie. <\/a> *<\/label>\t\t\t<\/span>\n\t\t<\/div>\n\t\t\t\t\t\t<\/div>\n\t\t\t\t\t\t\t\t<div class=\"elementor-field-type-text\">\n\t\t\t\t\t<input size=\"1\" type=\"text\" name=\"form_fields[field_31b0b1d]\" id=\"form-field-field_31b0b1d\" class=\"elementor-field elementor-size-sm \" style=\"display:none !important;\">\t\t\t\t<\/div>\n\t\t\t\t\t\t\t\t<div class=\"elementor-field-type-text\">\n\t\t\t\t\t<input size=\"1\" type=\"text\" name=\"form_fields[field_d60edd8]\" id=\"form-field-field_d60edd8\" class=\"elementor-field elementor-size-sm \" style=\"display:none !important;\">\t\t\t\t<\/div>\n\t\t\t\t\t\t\t\t<div class=\"elementor-field-type-text\">\n\t\t\t\t\t<input size=\"1\" type=\"text\" name=\"form_fields[field_2f5a4db]\" id=\"form-field-field_2f5a4db\" class=\"elementor-field elementor-size-sm \" style=\"display:none !important;\">\t\t\t\t<\/div>\n\t\t\t\t\t\t\t\t<div class=\"elementor-field-group elementor-column elementor-field-type-submit elementor-col-100 e-form__buttons\">\n\t\t\t\t\t<button class=\"elementor-button elementor-size-sm\" type=\"submit\">\n\t\t\t\t\t\t<span class=\"elementor-button-content-wrapper\">\n\t\t\t\t\t\t\t\t\t\t\t\t\t\t\t\t\t\t\t\t\t\t<span class=\"elementor-button-text\">EMAIL \u0391\u0392SEND\u0395\u039d <\/span>\n\t\t\t\t\t\t\t\t\t\t\t\t\t<\/span>\n\t\t\t\t\t<\/button>\n\t\t\t\t<\/div>\n\t\t\t<\/div>\n\t\t<\/form>\n\t\t\t\t\t\t<\/div>\n\t\t\t\t<\/div>\n\t\t\t\t\t<\/div>\n\t\t\t\t<\/div>\n\t\t<div class=\"elementor-element elementor-element-9a54489 e-con-full e-flex e-con e-parent\" data-id=\"9a54489\" data-element_type=\"container\" data-e-type=\"container\" data-settings=\"{&quot;background_background&quot;:&quot;classic&quot;}\">\n\t\t<div class=\"elementor-element elementor-element-6a9618f e-con-full e-flex e-con e-child\" data-id=\"6a9618f\" data-element_type=\"container\" data-e-type=\"container\">\n\t\t\t\t<div class=\"elementor-element elementor-element-66e70a6 elementor-widget elementor-widget-google_maps\" data-id=\"66e70a6\" data-element_type=\"widget\" data-e-type=\"widget\" data-widget_type=\"google_maps.default\">\n\t\t\t\t\t\t\t<div class=\"elementor-custom-embed\">\n\t\t\t<iframe loading=\"lazy\"\n\t\t\t\t\tsrc=\"https:\/\/maps.google.com\/maps?q=Nissi%20Park%20Hotel&#038;t=m&#038;z=11&#038;output=embed&#038;iwloc=near\"\n\t\t\t\t\ttitle=\"Nissi Park Hotel\"\n\t\t\t\t\taria-label=\"Nissi Park Hotel\"\n\t\t\t><\/iframe>\n\t\t<\/div>\n\t\t\t\t\t\t<\/div>\n\t\t\t\t<\/div>\n\t\t\t\t<\/div>\n\t\t\t\t<\/div>\n\t\t","protected":false},"excerpt":{"rendered":"<p>Kontakt Wir sind f\u00fcr Sie da Nissi Park Hotel PO Box 30400 5340 Ayia Napa Cyprus hotel@nissi-park.com.cy +357 23 721121 Facebook-f Instagram Tripadvisor Wir freuen uns darauf, Sie im Nissi Park Hotel begr\u00fc\u00dfen zu d\u00fcrfen. Sollten Sie noch Fragen haben, Hilfe bei Ihrer Reservierung ben\u00f6tigen oder mehr \u00fcber unser Angebot erfahren wollen, nehmen Sie bitte [&hellip;]<\/p>\n","protected":false},"author":2,"featured_media":0,"parent":0,"menu_order":11,"comment_status":"closed","ping_status":"closed","template":"","meta":{"_acf_changed":false,"footnotes":""},"class_list":["post-8149","page","type-page","status-publish","hentry"],"acf":[],"yoast_head":"<!-- This site is optimized with the Yoast SEO plugin v27.4 - https:\/\/yoast.com\/product\/yoast-seo-wordpress\/ -->\n<title>Kontakt \u2013 Nissi Park Hotel in Ayia Napa, Cyprus<\/title>\n<meta name=\"description\" content=\"Kontaktieren Sie das Alion Beach Hotel: PO Box 30450, 5343 Ayia Napa, Zypern. E-Mail: alion@alion-beach.com.cy \/ Telefon: +357 22 722 900.\" \/>\n<meta name=\"robots\" content=\"index, follow, max-snippet:-1, max-image-preview:large, max-video-preview:-1\" \/>\n<link rel=\"canonical\" href=\"https:\/\/nissi-park.com\/de\/contact-us\/\" \/>\n<meta property=\"og:locale\" content=\"de_DE\" \/>\n<meta property=\"og:type\" content=\"article\" \/>\n<meta property=\"og:title\" content=\"Kontakt \u2013 Nissi Park Hotel in Ayia Napa, Cyprus\" \/>\n<meta property=\"og:description\" content=\"Kontaktieren Sie das Alion Beach Hotel: PO Box 30450, 5343 Ayia Napa, Zypern. E-Mail: alion@alion-beach.com.cy \/ Telefon: +357 22 722 900.\" \/>\n<meta property=\"og:url\" content=\"https:\/\/nissi-park.com\/de\/contact-us\/\" \/>\n<meta property=\"og:site_name\" content=\"Nissi Park Hotel in Ayia Napa, Cyprus\" \/>\n<meta property=\"article:publisher\" content=\"https:\/\/www.facebook.com\/NissiParkHotel\" \/>\n<meta property=\"article:modified_time\" content=\"2026-03-01T07:18:17+00:00\" \/>\n<meta property=\"og:image\" content=\"https:\/\/nissi-park.com\/wp-content\/uploads\/2025\/02\/R5C_3443-scaled-1.jpg\" \/>\n\t<meta property=\"og:image:width\" content=\"2560\" \/>\n\t<meta property=\"og:image:height\" content=\"1708\" \/>\n\t<meta property=\"og:image:type\" content=\"image\/jpeg\" \/>\n<meta name=\"twitter:card\" content=\"summary_large_image\" \/>\n<meta name=\"twitter:label1\" content=\"Gesch\u00e4tzte Lesezeit\" \/>\n\t<meta name=\"twitter:data1\" content=\"1\u00a0Minute\" \/>\n<script type=\"application\/ld+json\" class=\"yoast-schema-graph\">{\"@context\":\"https:\\\/\\\/schema.org\",\"@graph\":[{\"@type\":\"WebPage\",\"@id\":\"https:\\\/\\\/nissi-park.com\\\/de\\\/contact-us\\\/\",\"url\":\"https:\\\/\\\/nissi-park.com\\\/de\\\/contact-us\\\/\",\"name\":\"Kontakt \u2013 Nissi Park Hotel in Ayia Napa, Cyprus\",\"isPartOf\":{\"@id\":\"https:\\\/\\\/nissi-park.com\\\/de\\\/#website\"},\"datePublished\":\"2023-02-21T17:52:49+00:00\",\"dateModified\":\"2026-03-01T07:18:17+00:00\",\"description\":\"Kontaktieren Sie das Alion Beach Hotel: PO Box 30450, 5343 Ayia Napa, Zypern. E-Mail: alion@alion-beach.com.cy \\\/ Telefon: +357 22 722 900.\",\"breadcrumb\":{\"@id\":\"https:\\\/\\\/nissi-park.com\\\/de\\\/contact-us\\\/#breadcrumb\"},\"inLanguage\":\"de\",\"potentialAction\":[{\"@type\":\"ReadAction\",\"target\":[\"https:\\\/\\\/nissi-park.com\\\/de\\\/contact-us\\\/\"]}]},{\"@type\":\"BreadcrumbList\",\"@id\":\"https:\\\/\\\/nissi-park.com\\\/de\\\/contact-us\\\/#breadcrumb\",\"itemListElement\":[{\"@type\":\"ListItem\",\"position\":1,\"name\":\"Home\",\"item\":\"https:\\\/\\\/nissi-park.com\\\/de\\\/\"},{\"@type\":\"ListItem\",\"position\":2,\"name\":\"Kontakt\"}]},{\"@type\":\"WebSite\",\"@id\":\"https:\\\/\\\/nissi-park.com\\\/de\\\/#website\",\"url\":\"https:\\\/\\\/nissi-park.com\\\/de\\\/\",\"name\":\"Nissi Park Hotel Ayia Napa\",\"description\":\"\",\"publisher\":{\"@id\":\"https:\\\/\\\/nissi-park.com\\\/de\\\/#organization\"},\"alternateName\":\"Nissi Park Hotel Ayia Napa\",\"potentialAction\":[{\"@type\":\"SearchAction\",\"target\":{\"@type\":\"EntryPoint\",\"urlTemplate\":\"https:\\\/\\\/nissi-park.com\\\/de\\\/?s={search_term_string}\"},\"query-input\":{\"@type\":\"PropertyValueSpecification\",\"valueRequired\":true,\"valueName\":\"search_term_string\"}}],\"inLanguage\":\"de\"},{\"@type\":\"Organization\",\"@id\":\"https:\\\/\\\/nissi-park.com\\\/de\\\/#organization\",\"name\":\"Nissi Park Hotel\",\"alternateName\":\"Nissi Park Hotel Ayia Napa\",\"url\":\"https:\\\/\\\/nissi-park.com\\\/de\\\/\",\"logo\":{\"@type\":\"ImageObject\",\"inLanguage\":\"de\",\"@id\":\"https:\\\/\\\/nissi-park.com\\\/de\\\/#\\\/schema\\\/logo\\\/image\\\/\",\"url\":\"https:\\\/\\\/nissi-park.com\\\/wp-content\\\/uploads\\\/2025\\\/01\\\/symbol.png\",\"contentUrl\":\"https:\\\/\\\/nissi-park.com\\\/wp-content\\\/uploads\\\/2025\\\/01\\\/symbol.png\",\"width\":548,\"height\":548,\"caption\":\"Nissi Park Hotel\"},\"image\":{\"@id\":\"https:\\\/\\\/nissi-park.com\\\/de\\\/#\\\/schema\\\/logo\\\/image\\\/\"},\"sameAs\":[\"https:\\\/\\\/www.facebook.com\\\/NissiParkHotel\",\"https:\\\/\\\/www.tripadvisor.com\\\/Hotel_Review-g262055-d575656-Reviews-Nissi_Park_Hotel-Ayia_Napa_Famagusta_District.html\",\"https:\\\/\\\/www.instagram.com\\\/nissiparkhotel\\\/\"]}]}<\/script>\n<!-- \/ Yoast SEO plugin. -->","yoast_head_json":{"title":"Kontakt \u2013 Nissi Park Hotel in Ayia Napa, Cyprus","description":"Kontaktieren Sie das Alion Beach Hotel: PO Box 30450, 5343 Ayia Napa, Zypern. E-Mail: alion@alion-beach.com.cy \/ Telefon: +357 22 722 900.","robots":{"index":"index","follow":"follow","max-snippet":"max-snippet:-1","max-image-preview":"max-image-preview:large","max-video-preview":"max-video-preview:-1"},"canonical":"https:\/\/nissi-park.com\/de\/contact-us\/","og_locale":"de_DE","og_type":"article","og_title":"Kontakt \u2013 Nissi Park Hotel in Ayia Napa, Cyprus","og_description":"Kontaktieren Sie das Alion Beach Hotel: PO Box 30450, 5343 Ayia Napa, Zypern. E-Mail: alion@alion-beach.com.cy \/ Telefon: +357 22 722 900.","og_url":"https:\/\/nissi-park.com\/de\/contact-us\/","og_site_name":"Nissi Park Hotel in Ayia Napa, Cyprus","article_publisher":"https:\/\/www.facebook.com\/NissiParkHotel","article_modified_time":"2026-03-01T07:18:17+00:00","og_image":[{"width":2560,"height":1708,"url":"https:\/\/nissi-park.com\/wp-content\/uploads\/2025\/02\/R5C_3443-scaled-1.jpg","type":"image\/jpeg"}],"twitter_card":"summary_large_image","twitter_misc":{"Gesch\u00e4tzte Lesezeit":"1\u00a0Minute"},"schema":{"@context":"https:\/\/schema.org","@graph":[{"@type":"WebPage","@id":"https:\/\/nissi-park.com\/de\/contact-us\/","url":"https:\/\/nissi-park.com\/de\/contact-us\/","name":"Kontakt \u2013 Nissi Park Hotel in Ayia Napa, Cyprus","isPartOf":{"@id":"https:\/\/nissi-park.com\/de\/#website"},"datePublished":"2023-02-21T17:52:49+00:00","dateModified":"2026-03-01T07:18:17+00:00","description":"Kontaktieren Sie das Alion Beach Hotel: PO Box 30450, 5343 Ayia Napa, Zypern. E-Mail: alion@alion-beach.com.cy \/ Telefon: +357 22 722 900.","breadcrumb":{"@id":"https:\/\/nissi-park.com\/de\/contact-us\/#breadcrumb"},"inLanguage":"de","potentialAction":[{"@type":"ReadAction","target":["https:\/\/nissi-park.com\/de\/contact-us\/"]}]},{"@type":"BreadcrumbList","@id":"https:\/\/nissi-park.com\/de\/contact-us\/#breadcrumb","itemListElement":[{"@type":"ListItem","position":1,"name":"Home","item":"https:\/\/nissi-park.com\/de\/"},{"@type":"ListItem","position":2,"name":"Kontakt"}]},{"@type":"WebSite","@id":"https:\/\/nissi-park.com\/de\/#website","url":"https:\/\/nissi-park.com\/de\/","name":"Nissi Park Hotel Ayia Napa","description":"","publisher":{"@id":"https:\/\/nissi-park.com\/de\/#organization"},"alternateName":"Nissi Park Hotel Ayia Napa","potentialAction":[{"@type":"SearchAction","target":{"@type":"EntryPoint","urlTemplate":"https:\/\/nissi-park.com\/de\/?s={search_term_string}"},"query-input":{"@type":"PropertyValueSpecification","valueRequired":true,"valueName":"search_term_string"}}],"inLanguage":"de"},{"@type":"Organization","@id":"https:\/\/nissi-park.com\/de\/#organization","name":"Nissi Park Hotel","alternateName":"Nissi Park Hotel Ayia Napa","url":"https:\/\/nissi-park.com\/de\/","logo":{"@type":"ImageObject","inLanguage":"de","@id":"https:\/\/nissi-park.com\/de\/#\/schema\/logo\/image\/","url":"https:\/\/nissi-park.com\/wp-content\/uploads\/2025\/01\/symbol.png","contentUrl":"https:\/\/nissi-park.com\/wp-content\/uploads\/2025\/01\/symbol.png","width":548,"height":548,"caption":"Nissi Park Hotel"},"image":{"@id":"https:\/\/nissi-park.com\/de\/#\/schema\/logo\/image\/"},"sameAs":["https:\/\/www.facebook.com\/NissiParkHotel","https:\/\/www.tripadvisor.com\/Hotel_Review-g262055-d575656-Reviews-Nissi_Park_Hotel-Ayia_Napa_Famagusta_District.html","https:\/\/www.instagram.com\/nissiparkhotel\/"]}]}},"_links":{"self":[{"href":"https:\/\/nissi-park.com\/de\/wp-json\/wp\/v2\/pages\/8149","targetHints":{"allow":["GET"]}}],"collection":[{"href":"https:\/\/nissi-park.com\/de\/wp-json\/wp\/v2\/pages"}],"about":[{"href":"https:\/\/nissi-park.com\/de\/wp-json\/wp\/v2\/types\/page"}],"author":[{"embeddable":true,"href":"https:\/\/nissi-park.com\/de\/wp-json\/wp\/v2\/users\/2"}],"replies":[{"embeddable":true,"href":"https:\/\/nissi-park.com\/de\/wp-json\/wp\/v2\/comments?post=8149"}],"version-history":[{"count":0,"href":"https:\/\/nissi-park.com\/de\/wp-json\/wp\/v2\/pages\/8149\/revisions"}],"wp:attachment":[{"href":"https:\/\/nissi-park.com\/de\/wp-json\/wp\/v2\/media?parent=8149"}],"curies":[{"name":"wp","href":"https:\/\/api.w.org\/{rel}","templated":true}]}}