{"id":8095,"date":"2023-02-21T19:50:22","date_gmt":"2023-02-21T17:50:22","guid":{"rendered":"https:\/\/nissi-park.com\/stay\/"},"modified":"2026-03-03T19:27:53","modified_gmt":"2026-03-03T17:27:53","slug":"stay","status":"publish","type":"page","link":"https:\/\/nissi-park.com\/de\/stay\/","title":{"rendered":"Unterbringung"},"content":{"rendered":"\t\t<div data-elementor-type=\"wp-page\" data-elementor-id=\"8095\" class=\"elementor elementor-8095 elementor-107\" data-elementor-post-type=\"page\">\n\t\t\t\t<div class=\"elementor-element elementor-element-e2338ce animated-slow e-flex e-con-boxed elementor-invisible e-con e-parent\" data-id=\"e2338ce\" data-element_type=\"container\" data-e-type=\"container\" data-settings=\"{&quot;background_background&quot;:&quot;classic&quot;,&quot;animation&quot;:&quot;fadeIn&quot;}\">\n\t\t\t\t\t<div class=\"e-con-inner\">\n\t\t<div class=\"elementor-element elementor-element-33c5ade e-con-full e-flex e-con e-child\" data-id=\"33c5ade\" data-element_type=\"container\" data-e-type=\"container\">\n\t\t\t\t<div class=\"elementor-element elementor-element-a6930cd elementor-widget elementor-widget-heading\" data-id=\"a6930cd\" data-element_type=\"widget\" data-e-type=\"widget\" data-widget_type=\"heading.default\">\n\t\t\t\t\t<h1 class=\"elementor-heading-title elementor-size-default\">Unterbringung<\/h1>\t\t\t\t<\/div>\n\t\t\t\t<\/div>\n\t\t\t\t\t<\/div>\n\t\t\t\t<\/div>\n\t\t<div class=\"elementor-element elementor-element-6ca3a12 e-flex e-con-boxed e-con e-parent\" data-id=\"6ca3a12\" data-element_type=\"container\" data-e-type=\"container\" data-settings=\"{&quot;background_background&quot;:&quot;classic&quot;}\">\n\t\t\t\t\t<div class=\"e-con-inner\">\n\t\t<div class=\"elementor-element elementor-element-2fc3203 elementor-hidden-mobile e-con-full e-flex e-con e-child\" data-id=\"2fc3203\" data-element_type=\"container\" data-e-type=\"container\">\n\t\t\t\t<\/div>\n\t\t<div class=\"elementor-element elementor-element-ca76a71 e-con-full e-flex e-con e-child\" data-id=\"ca76a71\" data-element_type=\"container\" data-e-type=\"container\">\n\t\t\t\t<div class=\"elementor-element elementor-element-1ee6a5f elementor-widget elementor-widget-heading\" data-id=\"1ee6a5f\" data-element_type=\"widget\" data-e-type=\"widget\" data-widget_type=\"heading.default\">\n\t\t\t\t\t<h2 class=\"elementor-heading-title elementor-size-default\">Ihre ganz pers\u00f6nliche Auszeit<\/h2>\t\t\t\t<\/div>\n\t\t\t\t<div class=\"elementor-element elementor-element-70e1da0 elementor-widget elementor-widget-text-editor\" data-id=\"70e1da0\" data-element_type=\"widget\" data-e-type=\"widget\" data-widget_type=\"text-editor.default\">\n\t\t\t\t\t\t\t\t\t<p>Tauchen Sie mit allen Sinnen ein in das beruhigende Ambiente unserer einladenden G\u00e4stezimmer ein. Unsere 80 minimalistischen, doch gut ausgestatteten Zweibettzimmer sind von den wohltuenden Farben des Mittelmeers inspiriert und spiegeln die nat\u00fcrliche Sch\u00f6nheit direkt vor Ihrer T\u00fcr wider. Jedes Zimmer bietet Zugang zu unserem Innenhof, dem Herzst\u00fcck unseres Boutique-Hotels, einer ruhigen Oase inmitten von \u00fcppigem Gr\u00fcn.<\/p>\t\t\t\t\t\t\t\t<\/div>\n\t\t\t\t<\/div>\n\t\t<div class=\"elementor-element elementor-element-6388260 elementor-hidden-mobile e-con-full e-flex e-con e-child\" data-id=\"6388260\" data-element_type=\"container\" data-e-type=\"container\">\n\t\t\t\t<\/div>\n\t\t\t\t\t<\/div>\n\t\t\t\t<\/div>\n\t\t<div class=\"elementor-element elementor-element-f58ba8d e-flex e-con-boxed e-con e-parent\" data-id=\"f58ba8d\" data-element_type=\"container\" data-e-type=\"container\">\n\t\t\t\t\t<div class=\"e-con-inner\">\n\t\t<div class=\"elementor-element elementor-element-8fcad01 e-con-full e-flex e-con e-child\" data-id=\"8fcad01\" data-element_type=\"container\" data-e-type=\"container\">\n\t\t\t\t<div class=\"elementor-element elementor-element-6d08513 elementor-widget elementor-widget-heading\" data-id=\"6d08513\" data-element_type=\"widget\" data-e-type=\"widget\" data-widget_type=\"heading.default\">\n\t\t\t\t\t<h3 class=\"elementor-heading-title elementor-size-default\">Zweibettzimmer mit Landblick<\/h3>\t\t\t\t<\/div>\n\t\t\t\t<div class=\"elementor-element elementor-element-a5d7de9 elementor-widget__width-auto elementor-widget elementor-widget-eb-heading\" data-id=\"a5d7de9\" data-element_type=\"widget\" data-e-type=\"widget\" data-widget_type=\"eb-heading.default\">\n\t\t\t\t<div class=\"elementor-widget-container\">\n\t\t\t\t\t        <div class=\"eb-elementor-widget\">\n            <div class=\"eb-heading\">\n                <div class=\"eb-heading-content\">\n                    \n                    \n                    <div class=\"eb-heading-heading\">\n                        <span class=\"eb-heading-heading-part\">GR\u00d6SSE:<\/span> 18 m<sup>2<\/sup>                    <\/div>\n\n                    \n                    \n                    \n                                    <\/div>\n            <\/div>\n        <\/div>\n        \t\t\t\t<\/div>\n\t\t\t\t<\/div>\n\t\t\t\t<div class=\"elementor-element elementor-element-f626447 elementor-widget__width-auto elementor-widget elementor-widget-eb-heading\" data-id=\"f626447\" data-element_type=\"widget\" data-e-type=\"widget\" data-widget_type=\"eb-heading.default\">\n\t\t\t\t<div class=\"elementor-widget-container\">\n\t\t\t\t\t        <div class=\"eb-elementor-widget\">\n            <div class=\"eb-heading\">\n                <div class=\"eb-heading-content\">\n                    \n                    \n                    <div class=\"eb-heading-heading\">\n                        <span class=\"eb-heading-heading-part\">KAPAZIT\u00c4T:<\/span> Bis zu 3 Personen                    <\/div>\n\n                    \n                    \n                    \n                                    <\/div>\n            <\/div>\n        <\/div>\n        \t\t\t\t<\/div>\n\t\t\t\t<\/div>\n\t\t\t\t<div class=\"elementor-element elementor-element-684f1e7 elementor-widget elementor-widget-text-editor\" data-id=\"684f1e7\" data-element_type=\"widget\" data-e-type=\"widget\" data-widget_type=\"text-editor.default\">\n\t\t\t\t\t\t\t\t\t<p>Genie\u00dfen Sie einen komfortablen Aufenthalt in unserem Zweibettzimmer mit Landblick, dessen Design durch seine Schlichtheit und Bequemlichkeit besticht, w\u00e4hrend es \u00fcber moderne Ausstattung verf\u00fcgt, die Ihren Aufenthalt \u00e4u\u00dferst angenehm und komfortabel machen.<\/p>\t\t\t\t\t\t\t\t<\/div>\n\t\t\t\t<div class=\"elementor-element elementor-element-348e8a9 elementor-widget elementor-widget-button\" data-id=\"348e8a9\" data-element_type=\"widget\" data-e-type=\"widget\" data-widget_type=\"button.default\">\n\t\t\t\t\t\t\t\t\t\t<a class=\"elementor-button elementor-button-link elementor-size-sm\" href=\"https:\/\/book.nissi-park.com\/\" target=\"_blank\">\n\t\t\t\t\t\t<span class=\"elementor-button-content-wrapper\">\n\t\t\t\t\t\t\t\t\t<span class=\"elementor-button-text\">BUCHEN<\/span>\n\t\t\t\t\t<\/span>\n\t\t\t\t\t<\/a>\n\t\t\t\t\t\t\t\t<\/div>\n\t\t\t\t<div class=\"elementor-element elementor-element-0be8fd2 elementor-widget elementor-widget-toggle\" data-id=\"0be8fd2\" data-element_type=\"widget\" data-e-type=\"widget\" data-widget_type=\"toggle.default\">\n\t\t\t\t\t\t\t<div class=\"elementor-toggle\">\n\t\t\t\t\t\t\t<div class=\"elementor-toggle-item\">\n\t\t\t\t\t<div id=\"elementor-tab-title-1241\" class=\"elementor-tab-title\" data-tab=\"1\" role=\"button\" aria-controls=\"elementor-tab-content-1241\" aria-expanded=\"false\">\n\t\t\t\t\t\t\t\t\t\t\t\t<span class=\"elementor-toggle-icon elementor-toggle-icon-left\" aria-hidden=\"true\">\n\t\t\t\t\t\t\t\t\t\t\t\t\t\t\t<span class=\"elementor-toggle-icon-closed\"><i class=\"ntricon ntricon-plus\"><\/i><\/span>\n\t\t\t\t\t\t\t\t<span class=\"elementor-toggle-icon-opened\"><svg class=\"elementor-toggle-icon-opened e-font-icon-svg e-fas-minus\" viewBox=\"0 0 448 512\" xmlns=\"http:\/\/www.w3.org\/2000\/svg\"><path d=\"M416 208H32c-17.67 0-32 14.33-32 32v32c0 17.67 14.33 32 32 32h384c17.67 0 32-14.33 32-32v-32c0-17.67-14.33-32-32-32z\"><\/path><\/svg><\/span>\n\t\t\t\t\t\t\t\t\t\t\t\t\t<\/span>\n\t\t\t\t\t\t\t\t\t\t\t\t<a class=\"elementor-toggle-title\" tabindex=\"0\">Ausstattung<\/a>\n\t\t\t\t\t<\/div>\n\n\t\t\t\t\t<div id=\"elementor-tab-content-1241\" class=\"elementor-tab-content elementor-clearfix\" data-tab=\"1\" role=\"region\" aria-labelledby=\"elementor-tab-title-1241\"><ul><li><em>Klimaanlage<\/em><\/li><li><em>Gratis W-LAN<\/em><\/li><li><em>Satelliten-TV mit Flachbildschirm und Radio<\/em><\/li><li><em>Mini-K\u00fchlschrank<\/em><\/li><li><em>Zubereitungsm\u00f6glichkeit f\u00fcr Tee und Kaffee- und Teezubereitungsm\u00f6glichkeiten<\/em><\/li><li><em>Eigenes Badezimmer mit begehbarer Dusche und umweltfreundlichen Toilettenartikeln <\/em><\/li><li><em>Kuschelige Poolt\u00fccher<\/em><\/li><li><em>F\u00f6hn<\/em><\/li><li><em>Adapter<\/em><\/li><\/ul><\/div>\n\t\t\t\t<\/div>\n\t\t\t\t\t\t\t\t<\/div>\n\t\t\t\t\t\t<\/div>\n\t\t\t\t<\/div>\n\t\t<div class=\"elementor-element elementor-element-0072417 e-con-full e-flex e-con e-child\" data-id=\"0072417\" data-element_type=\"container\" data-e-type=\"container\" data-settings=\"{&quot;background_background&quot;:&quot;classic&quot;}\">\n\t\t\t\t<div class=\"elementor-element elementor-element-fc7d2e8 elementor-grid-1 pp-image-slider-slideshow elementor-grid-tablet-6 elementor-grid-mobile-4 pp-image-slider-align-left pp-image-slider-stack-tablet pp-ins-normal pp-ins-hover-normal elementor-widget elementor-widget-pp-image-slider\" data-id=\"fc7d2e8\" data-element_type=\"widget\" data-e-type=\"widget\" data-settings=\"{&quot;skin&quot;:&quot;slideshow&quot;,&quot;infinite_loop&quot;:&quot;yes&quot;}\" data-widget_type=\"pp-image-slider.default\">\n\t\t\t\t\t\t\t\t\t<div class=\"pp-image-slider-container pp-thumbs-equal-height\">\n\t\t\t<div class=\"pp-image-slider-wrap swiper-container-wrap\">\n\t\t\t\t<div class=\"pp-image-slider-box\">\n\t\t\t\t\t<div class=\"pp-image-slider pp-swiper-slider swiper\" id=\"pp-image-slider-fc7d2e8\" data-fancybox-settings=\"{&quot;loop&quot;:true,&quot;arrows&quot;:true,&quot;infobar&quot;:true,&quot;keyboard&quot;:true,&quot;toolbar&quot;:true,&quot;buttons&quot;:[&quot;zoom&quot;,&quot;slideShow&quot;,&quot;thumbs&quot;,&quot;close&quot;],&quot;animationEffect&quot;:&quot;zoom&quot;,&quot;transitionEffect&quot;:&quot;fade&quot;,&quot;baseClass&quot;:&quot;pp-gallery-fancybox pp-gallery-fancybox-fc7d2e8  pp-fancybox-thumbs-y&quot;,&quot;thumbs&quot;:{&quot;autoStart&quot;:false,&quot;axis&quot;:&quot;y&quot;}}\" data-slider-settings=\"{&quot;direction&quot;:&quot;horizontal&quot;,&quot;effect&quot;:&quot;fade&quot;,&quot;speed&quot;:600,&quot;slides_per_view&quot;:1,&quot;slides_per_group&quot;:1,&quot;space_between&quot;:10,&quot;auto_height&quot;:true,&quot;loop&quot;:&quot;yes&quot;,&quot;show_arrows&quot;:true,&quot;slides_per_view_mobile&quot;:1,&quot;slides_per_group_mobile&quot;:1,&quot;space_between_mobile&quot;:10,&quot;slides_per_view_tablet&quot;:1,&quot;slides_per_group_tablet&quot;:1,&quot;space_between_tablet&quot;:10}\">\n\t\t\t\t\t\t<div class=\"swiper-wrapper\">\n\t\t\t\t\t\t\t\t\t\t<div class=\"pp-image-slider-slide pp-swiper-slide swiper-slide\">\n\t\t\t\t<a data-elementor-open-lightbox=\"no\" data-fancybox=\"pp-image-slider-fc7d2e8\" data-src=\"https:\/\/nissi-park.com\/wp-content\/uploads\/2025\/01\/Double-Room-_-Nissi-Park-Hotel-_-Ayia-Napa-_Cyprus-2-1920-x-1280.jpg\" class=\"pp-image-slider-slide-link\"><div class=\"pp-image-slider-image-wrap\"><img decoding=\"async\" class=\"pp-image-slider-image\" src=\"https:\/\/nissi-park.com\/wp-content\/uploads\/2025\/01\/Double-Room-_-Nissi-Park-Hotel-_-Ayia-Napa-_Cyprus-2-1920-x-1280.jpg\" alt=\"Accommodation - Nissi Park Hotel Ayia Napa Cyprus\" \/><\/div><\/a>\t\t\t<\/div>\n\t\t\t\t\t\t<div class=\"pp-image-slider-slide pp-swiper-slide swiper-slide\">\n\t\t\t\t<a data-elementor-open-lightbox=\"no\" data-fancybox=\"pp-image-slider-fc7d2e8\" data-src=\"https:\/\/nissi-park.com\/wp-content\/uploads\/2025\/01\/Double-Room-_-Nissi-Park-Hotel-_-Ayia-Napa-_Cyprus-1-1920-x-1280.jpg\" class=\"pp-image-slider-slide-link\"><div class=\"pp-image-slider-image-wrap\"><img decoding=\"async\" class=\"pp-image-slider-image\" src=\"https:\/\/nissi-park.com\/wp-content\/uploads\/2025\/01\/Double-Room-_-Nissi-Park-Hotel-_-Ayia-Napa-_Cyprus-1-1920-x-1280.jpg\" alt=\"Accommodation - Nissi Park Hotel Ayia Napa Cyprus\" \/><\/div><\/a>\t\t\t<\/div>\n\t\t\t\t\t\t<div class=\"pp-image-slider-slide pp-swiper-slide swiper-slide\">\n\t\t\t\t<a data-elementor-open-lightbox=\"no\" data-fancybox=\"pp-image-slider-fc7d2e8\" data-src=\"https:\/\/nissi-park.com\/wp-content\/uploads\/2025\/01\/Bathroom-Nissi-Park-Hotel-Ayia-Napa-Cyprus-2-1920-x-1280.jpg\" class=\"pp-image-slider-slide-link\"><div class=\"pp-image-slider-image-wrap\"><img decoding=\"async\" class=\"pp-image-slider-image\" src=\"https:\/\/nissi-park.com\/wp-content\/uploads\/2025\/01\/Bathroom-Nissi-Park-Hotel-Ayia-Napa-Cyprus-2-1920-x-1280.jpg\" alt=\"Accommodation - Nissi Park Hotel Ayia Napa Cyprus\" \/><\/div><\/a>\t\t\t<\/div>\n\t\t\t\t\t\t<div class=\"pp-image-slider-slide pp-swiper-slide swiper-slide\">\n\t\t\t\t<a data-elementor-open-lightbox=\"no\" data-fancybox=\"pp-image-slider-fc7d2e8\" data-src=\"https:\/\/nissi-park.com\/wp-content\/uploads\/2025\/01\/Bathroom-Nissi-Park-Hotel-Ayia-Napa-Cyprus-1-1920-x-1280.jpg\" class=\"pp-image-slider-slide-link\"><div class=\"pp-image-slider-image-wrap\"><img decoding=\"async\" class=\"pp-image-slider-image\" src=\"https:\/\/nissi-park.com\/wp-content\/uploads\/2025\/01\/Bathroom-Nissi-Park-Hotel-Ayia-Napa-Cyprus-1-1920-x-1280.jpg\" alt=\"Accommodation - Nissi Park Hotel Ayia Napa Cyprus\" \/><\/div><\/a>\t\t\t<\/div>\n\t\t\t\t\t\t\t\t\t<\/div>\n\t\t\t\t\t\t<div class=\"pp-screen-only elementor-screen-only\" aria-live=\"polite\" id=\"pp-image-carousel-status\">Showing Slide 1 of 4<\/div>\t\t\t\t\t<\/div>\n\t\t\t\t\t\t\t\t\t<div class=\"pp-slider-arrow elementor-swiper-button-prev swiper-button-prev-fc7d2e8\" role=\"button\" tabindex=\"0\">\n\t\t\t\t\t<i aria-hidden=\"true\" class=\"ntricon ntricon-left-open\"><\/i>\t\t\t\t<\/div>\n\t\t\t\t<div class=\"pp-slider-arrow elementor-swiper-button-next swiper-button-next-fc7d2e8\" role=\"button\" tabindex=\"0\">\n\t\t\t\t\t<i aria-hidden=\"true\" class=\"ntricon ntricon-right-open\"><\/i>\t\t\t\t<\/div>\n\t\t\t\t\t\t\t<\/div>\n\t\t\t<\/div>\n\t\t\t\t\t<div class=\"pp-image-slider-thumb-pagination elementor-grid pp-normal\">\n\t\t\t\t\t\t\t<div class=\"pp-image-slider-thumb-item-wrap elementor-grid-item\">\n\t\t\t\t\t<div class=\"pp-grid-item pp-image-slider-thumb-item pp-image pp-ins-filter-hover\">\n\t\t\t\t\t\t\t\t\t\t\t\t\t<div class=\"pp-image-slider-thumb-image pp-ins-filter-target\" style=\"background-image:url('https:\/\/nissi-park.com\/wp-content\/uploads\/2025\/01\/Double-Room-_-Nissi-Park-Hotel-_-Ayia-Napa-_Cyprus-2-1920-x-1280-150x150.jpg ')\"><\/div>\n\t\t\t\t\t\t\t\t\t\t\t\t<div class=\"pp-image-slider-thumb-overlay pp-media-overlay\"><\/div>\t\t\t\t\t\t\t\t\t\t\t<\/div>\n\t\t\t\t<\/div>\n\t\t\t\t\t\t\t\t<div class=\"pp-image-slider-thumb-item-wrap elementor-grid-item\">\n\t\t\t\t\t<div class=\"pp-grid-item pp-image-slider-thumb-item pp-image pp-ins-filter-hover\">\n\t\t\t\t\t\t\t\t\t\t\t\t\t<div class=\"pp-image-slider-thumb-image pp-ins-filter-target\" style=\"background-image:url('https:\/\/nissi-park.com\/wp-content\/uploads\/2025\/01\/Double-Room-_-Nissi-Park-Hotel-_-Ayia-Napa-_Cyprus-1-1920-x-1280-150x150.jpg ')\"><\/div>\n\t\t\t\t\t\t\t\t\t\t\t\t<div class=\"pp-image-slider-thumb-overlay pp-media-overlay\"><\/div>\t\t\t\t\t\t\t\t\t\t\t<\/div>\n\t\t\t\t<\/div>\n\t\t\t\t\t\t\t\t<div class=\"pp-image-slider-thumb-item-wrap elementor-grid-item\">\n\t\t\t\t\t<div class=\"pp-grid-item pp-image-slider-thumb-item pp-image pp-ins-filter-hover\">\n\t\t\t\t\t\t\t\t\t\t\t\t\t<div class=\"pp-image-slider-thumb-image pp-ins-filter-target\" style=\"background-image:url('https:\/\/nissi-park.com\/wp-content\/uploads\/2025\/01\/Bathroom-Nissi-Park-Hotel-Ayia-Napa-Cyprus-2-1920-x-1280-150x150.jpg ')\"><\/div>\n\t\t\t\t\t\t\t\t\t\t\t\t<div class=\"pp-image-slider-thumb-overlay pp-media-overlay\"><\/div>\t\t\t\t\t\t\t\t\t\t\t<\/div>\n\t\t\t\t<\/div>\n\t\t\t\t\t\t\t\t<div class=\"pp-image-slider-thumb-item-wrap elementor-grid-item\">\n\t\t\t\t\t<div class=\"pp-grid-item pp-image-slider-thumb-item pp-image pp-ins-filter-hover\">\n\t\t\t\t\t\t\t\t\t\t\t\t\t<div class=\"pp-image-slider-thumb-image pp-ins-filter-target\" style=\"background-image:url('https:\/\/nissi-park.com\/wp-content\/uploads\/2025\/01\/Bathroom-Nissi-Park-Hotel-Ayia-Napa-Cyprus-1-1920-x-1280-150x150.jpg ')\"><\/div>\n\t\t\t\t\t\t\t\t\t\t\t\t<div class=\"pp-image-slider-thumb-overlay pp-media-overlay\"><\/div>\t\t\t\t\t\t\t\t\t\t\t<\/div>\n\t\t\t\t<\/div>\n\t\t\t\t\t\t<\/div>\n\t\t\t\t<\/div>\n\t\t\t\t\t\t\t<\/div>\n\t\t\t\t<\/div>\n\t\t\t\t\t<\/div>\n\t\t\t\t<\/div>\n\t\t\t\t<\/div>\n\t\t","protected":false},"excerpt":{"rendered":"<p>Unterbringung Ihre ganz pers\u00f6nliche Auszeit Tauchen Sie mit allen Sinnen ein in das beruhigende Ambiente unserer einladenden G\u00e4stezimmer ein. Unsere 80 minimalistischen, doch gut ausgestatteten Zweibettzimmer sind von den wohltuenden Farben des Mittelmeers inspiriert und spiegeln die nat\u00fcrliche Sch\u00f6nheit direkt vor Ihrer T\u00fcr wider. Jedes Zimmer bietet Zugang zu unserem Innenhof, dem Herzst\u00fcck unseres Boutique-Hotels, [&hellip;]<\/p>\n","protected":false},"author":2,"featured_media":0,"parent":0,"menu_order":3,"comment_status":"closed","ping_status":"closed","template":"","meta":{"_acf_changed":false,"footnotes":""},"class_list":["post-8095","page","type-page","status-publish","hentry"],"acf":[],"yoast_head":"<!-- This site is optimized with the Yoast SEO plugin v27.5 - https:\/\/yoast.com\/product\/yoast-seo-wordpress\/ -->\n<title>Unterbringung \u2013 Nissi Park Hotel in Ayia Napa, Cyprus<\/title>\n<meta name=\"description\" content=\"Tauchen Sie mit allen Sinnen ein in das beruhigende Ambiente unserer einladenden G\u00e4stezimmer ein\" \/>\n<meta name=\"robots\" content=\"index, follow, max-snippet:-1, max-image-preview:large, max-video-preview:-1\" \/>\n<link rel=\"canonical\" href=\"https:\/\/nissi-park.com\/de\/stay\/\" \/>\n<meta property=\"og:locale\" content=\"de_DE\" \/>\n<meta property=\"og:type\" content=\"article\" \/>\n<meta property=\"og:title\" content=\"Unterbringung \u2013 Nissi Park Hotel in Ayia Napa, Cyprus\" \/>\n<meta property=\"og:description\" content=\"Tauchen Sie mit allen Sinnen ein in das beruhigende Ambiente unserer einladenden G\u00e4stezimmer ein\" \/>\n<meta property=\"og:url\" content=\"https:\/\/nissi-park.com\/de\/stay\/\" \/>\n<meta property=\"og:site_name\" content=\"Nissi Park Hotel in Ayia Napa, Cyprus\" \/>\n<meta property=\"article:publisher\" content=\"https:\/\/www.facebook.com\/NissiParkHotel\" \/>\n<meta property=\"article:modified_time\" content=\"2026-03-03T17:27:53+00:00\" \/>\n<meta property=\"og:image\" content=\"https:\/\/nissi-park.com\/wp-content\/uploads\/2025\/01\/Double-Room-_-Nissi-Park-Hotel-_-Ayia-Napa-_Cyprus-2-1920-x-1280.jpg\" \/>\n<meta name=\"twitter:card\" content=\"summary_large_image\" \/>\n<meta name=\"twitter:label1\" content=\"Gesch\u00e4tzte Lesezeit\" \/>\n\t<meta name=\"twitter:data1\" content=\"1\u00a0Minute\" \/>\n<script type=\"application\/ld+json\" class=\"yoast-schema-graph\">{\"@context\":\"https:\\\/\\\/schema.org\",\"@graph\":[{\"@type\":\"WebPage\",\"@id\":\"https:\\\/\\\/nissi-park.com\\\/de\\\/stay\\\/\",\"url\":\"https:\\\/\\\/nissi-park.com\\\/de\\\/stay\\\/\",\"name\":\"Unterbringung \u2013 Nissi Park Hotel in Ayia Napa, Cyprus\",\"isPartOf\":{\"@id\":\"https:\\\/\\\/nissi-park.com\\\/de\\\/#website\"},\"primaryImageOfPage\":{\"@id\":\"https:\\\/\\\/nissi-park.com\\\/de\\\/stay\\\/#primaryimage\"},\"image\":{\"@id\":\"https:\\\/\\\/nissi-park.com\\\/de\\\/stay\\\/#primaryimage\"},\"thumbnailUrl\":\"https:\\\/\\\/nissi-park.com\\\/wp-content\\\/uploads\\\/2025\\\/01\\\/Double-Room-_-Nissi-Park-Hotel-_-Ayia-Napa-_Cyprus-2-1920-x-1280.jpg\",\"datePublished\":\"2023-02-21T17:50:22+00:00\",\"dateModified\":\"2026-03-03T17:27:53+00:00\",\"description\":\"Tauchen Sie mit allen Sinnen ein in das beruhigende Ambiente unserer einladenden G\u00e4stezimmer ein\",\"breadcrumb\":{\"@id\":\"https:\\\/\\\/nissi-park.com\\\/de\\\/stay\\\/#breadcrumb\"},\"inLanguage\":\"de\",\"potentialAction\":[{\"@type\":\"ReadAction\",\"target\":[\"https:\\\/\\\/nissi-park.com\\\/de\\\/stay\\\/\"]}]},{\"@type\":\"ImageObject\",\"inLanguage\":\"de\",\"@id\":\"https:\\\/\\\/nissi-park.com\\\/de\\\/stay\\\/#primaryimage\",\"url\":\"https:\\\/\\\/nissi-park.com\\\/wp-content\\\/uploads\\\/2025\\\/01\\\/Double-Room-_-Nissi-Park-Hotel-_-Ayia-Napa-_Cyprus-2-1920-x-1280.jpg\",\"contentUrl\":\"https:\\\/\\\/nissi-park.com\\\/wp-content\\\/uploads\\\/2025\\\/01\\\/Double-Room-_-Nissi-Park-Hotel-_-Ayia-Napa-_Cyprus-2-1920-x-1280.jpg\"},{\"@type\":\"BreadcrumbList\",\"@id\":\"https:\\\/\\\/nissi-park.com\\\/de\\\/stay\\\/#breadcrumb\",\"itemListElement\":[{\"@type\":\"ListItem\",\"position\":1,\"name\":\"Home\",\"item\":\"https:\\\/\\\/nissi-park.com\\\/de\\\/\"},{\"@type\":\"ListItem\",\"position\":2,\"name\":\"Unterbringung\"}]},{\"@type\":\"WebSite\",\"@id\":\"https:\\\/\\\/nissi-park.com\\\/de\\\/#website\",\"url\":\"https:\\\/\\\/nissi-park.com\\\/de\\\/\",\"name\":\"Nissi Park Hotel Ayia Napa\",\"description\":\"\",\"publisher\":{\"@id\":\"https:\\\/\\\/nissi-park.com\\\/de\\\/#organization\"},\"alternateName\":\"Nissi Park Hotel Ayia Napa\",\"potentialAction\":[{\"@type\":\"SearchAction\",\"target\":{\"@type\":\"EntryPoint\",\"urlTemplate\":\"https:\\\/\\\/nissi-park.com\\\/de\\\/?s={search_term_string}\"},\"query-input\":{\"@type\":\"PropertyValueSpecification\",\"valueRequired\":true,\"valueName\":\"search_term_string\"}}],\"inLanguage\":\"de\"},{\"@type\":\"Organization\",\"@id\":\"https:\\\/\\\/nissi-park.com\\\/de\\\/#organization\",\"name\":\"Nissi Park Hotel\",\"alternateName\":\"Nissi Park Hotel Ayia Napa\",\"url\":\"https:\\\/\\\/nissi-park.com\\\/de\\\/\",\"logo\":{\"@type\":\"ImageObject\",\"inLanguage\":\"de\",\"@id\":\"https:\\\/\\\/nissi-park.com\\\/de\\\/#\\\/schema\\\/logo\\\/image\\\/\",\"url\":\"https:\\\/\\\/nissi-park.com\\\/wp-content\\\/uploads\\\/2025\\\/01\\\/symbol.png\",\"contentUrl\":\"https:\\\/\\\/nissi-park.com\\\/wp-content\\\/uploads\\\/2025\\\/01\\\/symbol.png\",\"width\":548,\"height\":548,\"caption\":\"Nissi Park Hotel\"},\"image\":{\"@id\":\"https:\\\/\\\/nissi-park.com\\\/de\\\/#\\\/schema\\\/logo\\\/image\\\/\"},\"sameAs\":[\"https:\\\/\\\/www.facebook.com\\\/NissiParkHotel\",\"https:\\\/\\\/www.tripadvisor.com\\\/Hotel_Review-g262055-d575656-Reviews-Nissi_Park_Hotel-Ayia_Napa_Famagusta_District.html\",\"https:\\\/\\\/www.instagram.com\\\/nissiparkhotel\\\/\"]}]}<\/script>\n<!-- \/ Yoast SEO plugin. -->","yoast_head_json":{"title":"Unterbringung \u2013 Nissi Park Hotel in Ayia Napa, Cyprus","description":"Tauchen Sie mit allen Sinnen ein in das beruhigende Ambiente unserer einladenden G\u00e4stezimmer ein","robots":{"index":"index","follow":"follow","max-snippet":"max-snippet:-1","max-image-preview":"max-image-preview:large","max-video-preview":"max-video-preview:-1"},"canonical":"https:\/\/nissi-park.com\/de\/stay\/","og_locale":"de_DE","og_type":"article","og_title":"Unterbringung \u2013 Nissi Park Hotel in Ayia Napa, Cyprus","og_description":"Tauchen Sie mit allen Sinnen ein in das beruhigende Ambiente unserer einladenden G\u00e4stezimmer ein","og_url":"https:\/\/nissi-park.com\/de\/stay\/","og_site_name":"Nissi Park Hotel in Ayia Napa, Cyprus","article_publisher":"https:\/\/www.facebook.com\/NissiParkHotel","article_modified_time":"2026-03-03T17:27:53+00:00","og_image":[{"url":"https:\/\/nissi-park.com\/wp-content\/uploads\/2025\/01\/Double-Room-_-Nissi-Park-Hotel-_-Ayia-Napa-_Cyprus-2-1920-x-1280.jpg","type":"","width":"","height":""}],"twitter_card":"summary_large_image","twitter_misc":{"Gesch\u00e4tzte Lesezeit":"1\u00a0Minute"},"schema":{"@context":"https:\/\/schema.org","@graph":[{"@type":"WebPage","@id":"https:\/\/nissi-park.com\/de\/stay\/","url":"https:\/\/nissi-park.com\/de\/stay\/","name":"Unterbringung \u2013 Nissi Park Hotel in Ayia Napa, Cyprus","isPartOf":{"@id":"https:\/\/nissi-park.com\/de\/#website"},"primaryImageOfPage":{"@id":"https:\/\/nissi-park.com\/de\/stay\/#primaryimage"},"image":{"@id":"https:\/\/nissi-park.com\/de\/stay\/#primaryimage"},"thumbnailUrl":"https:\/\/nissi-park.com\/wp-content\/uploads\/2025\/01\/Double-Room-_-Nissi-Park-Hotel-_-Ayia-Napa-_Cyprus-2-1920-x-1280.jpg","datePublished":"2023-02-21T17:50:22+00:00","dateModified":"2026-03-03T17:27:53+00:00","description":"Tauchen Sie mit allen Sinnen ein in das beruhigende Ambiente unserer einladenden G\u00e4stezimmer ein","breadcrumb":{"@id":"https:\/\/nissi-park.com\/de\/stay\/#breadcrumb"},"inLanguage":"de","potentialAction":[{"@type":"ReadAction","target":["https:\/\/nissi-park.com\/de\/stay\/"]}]},{"@type":"ImageObject","inLanguage":"de","@id":"https:\/\/nissi-park.com\/de\/stay\/#primaryimage","url":"https:\/\/nissi-park.com\/wp-content\/uploads\/2025\/01\/Double-Room-_-Nissi-Park-Hotel-_-Ayia-Napa-_Cyprus-2-1920-x-1280.jpg","contentUrl":"https:\/\/nissi-park.com\/wp-content\/uploads\/2025\/01\/Double-Room-_-Nissi-Park-Hotel-_-Ayia-Napa-_Cyprus-2-1920-x-1280.jpg"},{"@type":"BreadcrumbList","@id":"https:\/\/nissi-park.com\/de\/stay\/#breadcrumb","itemListElement":[{"@type":"ListItem","position":1,"name":"Home","item":"https:\/\/nissi-park.com\/de\/"},{"@type":"ListItem","position":2,"name":"Unterbringung"}]},{"@type":"WebSite","@id":"https:\/\/nissi-park.com\/de\/#website","url":"https:\/\/nissi-park.com\/de\/","name":"Nissi Park Hotel Ayia Napa","description":"","publisher":{"@id":"https:\/\/nissi-park.com\/de\/#organization"},"alternateName":"Nissi Park Hotel Ayia Napa","potentialAction":[{"@type":"SearchAction","target":{"@type":"EntryPoint","urlTemplate":"https:\/\/nissi-park.com\/de\/?s={search_term_string}"},"query-input":{"@type":"PropertyValueSpecification","valueRequired":true,"valueName":"search_term_string"}}],"inLanguage":"de"},{"@type":"Organization","@id":"https:\/\/nissi-park.com\/de\/#organization","name":"Nissi Park Hotel","alternateName":"Nissi Park Hotel Ayia Napa","url":"https:\/\/nissi-park.com\/de\/","logo":{"@type":"ImageObject","inLanguage":"de","@id":"https:\/\/nissi-park.com\/de\/#\/schema\/logo\/image\/","url":"https:\/\/nissi-park.com\/wp-content\/uploads\/2025\/01\/symbol.png","contentUrl":"https:\/\/nissi-park.com\/wp-content\/uploads\/2025\/01\/symbol.png","width":548,"height":548,"caption":"Nissi Park Hotel"},"image":{"@id":"https:\/\/nissi-park.com\/de\/#\/schema\/logo\/image\/"},"sameAs":["https:\/\/www.facebook.com\/NissiParkHotel","https:\/\/www.tripadvisor.com\/Hotel_Review-g262055-d575656-Reviews-Nissi_Park_Hotel-Ayia_Napa_Famagusta_District.html","https:\/\/www.instagram.com\/nissiparkhotel\/"]}]}},"_links":{"self":[{"href":"https:\/\/nissi-park.com\/de\/wp-json\/wp\/v2\/pages\/8095","targetHints":{"allow":["GET"]}}],"collection":[{"href":"https:\/\/nissi-park.com\/de\/wp-json\/wp\/v2\/pages"}],"about":[{"href":"https:\/\/nissi-park.com\/de\/wp-json\/wp\/v2\/types\/page"}],"author":[{"embeddable":true,"href":"https:\/\/nissi-park.com\/de\/wp-json\/wp\/v2\/users\/2"}],"replies":[{"embeddable":true,"href":"https:\/\/nissi-park.com\/de\/wp-json\/wp\/v2\/comments?post=8095"}],"version-history":[{"count":0,"href":"https:\/\/nissi-park.com\/de\/wp-json\/wp\/v2\/pages\/8095\/revisions"}],"wp:attachment":[{"href":"https:\/\/nissi-park.com\/de\/wp-json\/wp\/v2\/media?parent=8095"}],"curies":[{"name":"wp","href":"https:\/\/api.w.org\/{rel}","templated":true}]}}